{"id":13,"date":"2015-11-01T12:12:30","date_gmt":"2015-11-01T12:12:30","guid":{"rendered":"https:\/\/im8hoursaheadcat.wordpress.com\/?page_id=13"},"modified":"2019-10-14T16:02:39","modified_gmt":"2019-10-14T16:02:39","slug":"llista-de-desitjos","status":"publish","type":"page","link":"https:\/\/im8hoursahead.com\/cat\/llista-de-desitjos\/","title":{"rendered":"Llista de desitjos"},"content":{"rendered":"<p>Somiant amb platges llunyanes, excursions en climes tropicals o esquiant a muntanyes altes&#8230; la meva llista de desitjos. Una llista de desitjos, o bucket list, \u00e9s una llista de coses que voldries fer abans de morir. Va ser per primer cop utilitzat com a concepte a la pel\u00b7l\u00edcula anglesa &#8220;The Bucket List&#8221;, feta per dos nois malalts terminals.<\/p>\n<p>La vida \u00e9s m\u00e9s curta del que pensem i la primera cosa per fer la llista de desitjos realitat \u00e9s escriure&#8217;ls! Primer vaig fer un esborrany de la meva llista de desitjos al 2015. Des de llavors he anat afegint-ne de nous i tatxant-ne altres! <strong>Escriure&#8217;ls<\/strong> i <strong>dir-los en veu alta a la gent que m&#8217;envolta<\/strong> \u00e9s el que m&#8217;ha fet perseguir-los m\u00e9s.<\/p>\n<p>&nbsp;<\/p>\n<h3>La meva llista de desitjos<\/h3>\n<p>1. Veure l\u2019aurora boreal<\/p>\n<p>2. Veure les llums del sud<\/p>\n<p>3. Dormir a una habitaci\u00f3 amb infinity pool privada<\/p>\n<p>4. Estar a NYC com a m\u00ednim dues setmanes<\/p>\n<p>5. Flotar al mar mort<\/p>\n<p>6. Visitar 100 llocs <a href=\"http:\/\/whc.unesco.org\/en\/list\">Patrimoni de la humanitat per l&#8217;UNESCO<\/a><\/p>\n<p><a href=\"http:\/\/cat.im8hoursahead.com\/ruta-amb-cavall-galopant-platja\/\">7.<del> Galopar a la platja<\/del><\/a><\/p>\n<p>8. Fer l&#8217;excursi\u00f3 al Machu Pichu<\/p>\n<p>9. Viatjar per m\u00e9s de sis mesos seguits<\/p>\n<p>10. Conduir un tractor<\/p>\n<p>11. Nedar amb balenes<\/p>\n<p>12. Pujar al&nbsp;Mont Kilimanjaro<\/p>\n<p>13. Allotjar-me a una villa d&#8217;aigua (si t\u00e9 tobogan, millor)<\/p>\n<p>14. Nedar amb dofins<\/p>\n<p>15. Anar a l&#8217;aeroport sense saber quina ser\u00e0 la meva destinaci\u00f3<\/p>\n<p>16. Tornar als fiords noruegs<\/p>\n<p>17. Veure la sortida del sol des de l&#8217;Uluru<\/p>\n<p>18. Parlar 5 llengues fluidament (3.5\/5)<\/p>\n<p>19. Anar a Disneyland<\/p>\n<p>20. <a href=\"http:\/\/cat.im8hoursahead.com\/viatge-sola-gran-barrera-de-corall\/\"><del>Fer snorkel a la Gran Barrera de Coral<\/del><\/a><\/p>\n<p><img loading=\"lazy\" decoding=\"async\" class=\"alignnone wp-image-923 size-full\" title=\"I'm8hoursahead fent snorkel a la gran barrera de coral\" src=\"https:\/\/im8hoursahead.com\/wp-content\/uploads\/2015\/10\/IMG_6436.jpg\" alt=\"I'm8hoursahead fent snorkel a la gran barrera de coral\" width=\"1200\" height=\"1600\"><\/p>\n<p>21.<a href=\"https:\/\/im8hoursahead.com\/cat\/7-raons-per-no-anar-mai-al-llac-bled\/\"><del> Grontxar-me en una corda i tirar-me a un llac<\/del><\/a><\/p>\n<p>22. Passar un nadal a la neu<\/p>\n<p>23.<del> Donar roba que ja utilitzo<\/del><\/p>\n<p>24. <a href=\"http:\/\/cat.im8hoursahead.com\/4-dies-a-la-ruta-jardi\/\"><del>Ser prou valenta per fer puenting<\/del><\/a><\/p>\n<p><img loading=\"lazy\" decoding=\"async\" class=\"size-large wp-image-1409 alignnone\" src=\"https:\/\/im8hoursahead.com\/cat\/wp-content\/uploads\/sites\/3\/2018\/03\/IMG_0020-1024x768.jpg\" alt=\"Fent puenting a Bloukrans, Sud\u00e1frica\" width=\"1024\" height=\"768\" srcset=\"https:\/\/im8hoursahead.com\/cat\/wp-content\/uploads\/sites\/3\/2018\/03\/IMG_0020-1024x768.jpg 1024w, https:\/\/im8hoursahead.com\/cat\/wp-content\/uploads\/sites\/3\/2018\/03\/IMG_0020-980x735.jpg 980w, https:\/\/im8hoursahead.com\/cat\/wp-content\/uploads\/sites\/3\/2018\/03\/IMG_0020-480x360.jpg 480w\" sizes=\"auto, (min-width: 0px) and (max-width: 480px) 480px, (min-width: 481px) and (max-width: 980px) 980px, (min-width: 981px) 1024px, 100vw\" \/><\/p>\n<p>25. Esquiar als Alps<\/p>\n<p>26. Visitar 100 pa\u00efsos<\/p>\n<p>27. Banyar-me al llac de les meduses<\/p>\n<p>28.<del> Take a SUP Paddle class<\/del><\/p>\n<p>29. Dormir en un hotel c\u00e0psula<\/p>\n<p>30. <del>Fer l&#8217;excursi\u00f3 per veure els goriles<\/del><\/p>\n<p>31. <del>Banyar-me a la Devil&#8217;s pool (Victoria Falls)<\/del><\/p>\n<p>32. Banyar-se nua de nit<\/p>\n<p>33. Conduir una furgoneta\/autocaravan per Nova Zelanda o la Ruta 66<\/p>\n<p>34. Intentar arribar al campament base de l&#8217;Everest<\/p>\n<p><a href=\"http:\/\/cat.im8hoursahead.com\/cap-dany-sydney\/\">35. <del>Veure els focs artificials de Sydney per cap d&#8217;any<\/del><\/a><\/p>\n<p>36. Arribar a con\u00e8ixer Banff, Canad\u00e0, com si fos aut\u00f2ctona<\/p>\n<p>37. Nedar amb tortugues<\/p>\n<p>38. Crear ingressos passius<\/p>\n<p>39.<del> Pujar una muntanya de +3000m<\/del><\/p>\n<p>40. Viatjar durant dues setmanes amb 15\u20ac al dia<\/p>\n<p>41. Llogar una moto scooter<\/p>\n<p>42. Fer&nbsp;parasailing<\/p>\n<p>43. Volar en primera classe<\/p>\n<p><a href=\"http:\/\/cat.im8hoursahead.com\/primer-cop-fent-skydive\/\">44.<del> Fer skydive<\/del><\/a><\/p>\n<p><img loading=\"lazy\" decoding=\"async\" class=\"alignnone wp-image-922 size-full\" title=\"I'm8hoursahead fent skydive a Ciutat del Cap\" src=\"https:\/\/im8hoursahead.com\/wp-content\/uploads\/2015\/10\/SLR-Pic-0380.jpg\" alt=\"I'm8hoursahead fent skydive a Ciutat del Cap\" width=\"1200\" height=\"900\"><\/p>\n<p><a href=\"http:\/\/cat.im8hoursahead.com\/namibia-amb-poc-pressupost-windhoek-swakopmund\/\">45.<del> Fer Sandboard al desert<\/del><\/a><\/p>\n<p>46. Treballar en un vaixell, creuer o iot<\/p>\n<p>47. Con\u00e8ixer l&#8217;Ed Westwick (ei, tothom t\u00e9 un amor plat\u00f2nic adolescent!)<\/p>\n<p>48. Estar en un monestir tibet\u00e0 per una setmana<\/p>\n<p>49. Fer una excursi\u00f3 de muntanya de 4 dies<\/p>\n<p>50. <del>Veure la sortida del sol i la posta del sol d&#8217;un mateix dia<\/del><\/p>\n<p>51. <del>Anar de safari i veure els big 5<\/del><\/p>\n<ul>\n<li><a href=\"http:\/\/cat.im8hoursahead.com\/namibia-parc-nacional-etosha\/\">52.<del> Anar de safari i veure quatre dels big 5<\/del><\/a><\/li>\n<\/ul>\n<p><img loading=\"lazy\" decoding=\"async\" class=\"alignleft size-large wp-image-1410\" src=\"https:\/\/im8hoursahead.com\/cat\/wp-content\/uploads\/sites\/3\/2018\/03\/DSCN1241-1024x768.jpg\" alt=\"Elefants al parc nacional Etosha, Nam\u00edbia\" width=\"1024\" height=\"768\" srcset=\"https:\/\/im8hoursahead.com\/cat\/wp-content\/uploads\/sites\/3\/2018\/03\/DSCN1241-1024x768.jpg 1024w, https:\/\/im8hoursahead.com\/cat\/wp-content\/uploads\/sites\/3\/2018\/03\/DSCN1241-980x735.jpg 980w, https:\/\/im8hoursahead.com\/cat\/wp-content\/uploads\/sites\/3\/2018\/03\/DSCN1241-480x360.jpg 480w\" sizes=\"auto, (min-width: 0px) and (max-width: 480px) 480px, (min-width: 481px) and (max-width: 980px) 980px, (min-width: 981px) 1024px, 100vw\" \/><\/p>\n<p><del>53. Aprendre a cuinar fideus wok<\/del><\/p>\n<p>54. Retar alg\u00fa a una carrera de motos d&#8217;aigua<\/p>\n<p>55. Ser amfitriona d&#8217;una festa tem\u00e0tica<\/p>\n<h3><\/h3>\n<h3>Comen\u00e7a la teva pr\u00f2pia llista de desitjos<\/h3>\n<p>Tens una llista de desitjos? Encara no t&#8217;he conven\u00e7ut per crear-ne una? Torna a dalt. Llegeix la p\u00e0gina una altra vegada.<\/p>\n<p>S\u00e9 que encara est\u00e0s aqu\u00ed. <strong>Agafa un boli<\/strong>! O una p\u00e0gina en blanc de word si t&#8217;agrada la tecnologia. Comen\u00e7a a escriure la teva llista de desitjos. Quan la fas per primer cop, estic segura que hi haur\u00e0 un munt d&#8217;<strong>idees<\/strong> sortint del teu cap cap a la llista. Per\u00f2 quan la pluja d&#8217;idees s&#8217;ha acabat i per m\u00e9s que t&#8217;hi trenquis el cap no surt res m\u00e9s, et deixo unes preguntes perqu\u00e8 et facin pensar:<\/p>\n<p>&nbsp;<\/p>\n<p>1. On vols anar del m\u00f3n i perqu\u00e8?<\/p>\n<p>2. Qu\u00e8 \u00e9s el que vols experimentar amb amics, fam\u00edlia, parella o desconeguts?<\/p>\n<p>3. Quina habilitat t&#8217;agradaria adquirir?<\/p>\n<p>4. Qu\u00e8 vols millorar f\u00edsicament, mentalment o espiritualment? Com vols fer-ho?<\/p>\n<p>5. De qu\u00e8 t&#8217;avergonyiries si morissis aviat i no ho haguessis fet?<\/p>\n<p>6. Ordena els teus objectius amb categories: menjar, viatjar, habilitats, idiomes..<\/p>\n<p>&nbsp;<\/p>\n<p>Si us plau, compartiu les vostres idees per la llista de desitjos a sota! Si tenim sort potser puc agafar alguna idea nova!!<\/p>\n<p>&nbsp;<\/p>\n<p>&nbsp;<\/p>\n","protected":false},"excerpt":{"rendered":"<p>Somiant amb platges llunyanes, excursions en climes tropicals o esquiant a muntanyes altes&#8230; la meva llista de desitjos. Una llista de desitjos, o bucket list, \u00e9s una llista de coses que voldries fer abans de morir. Va ser per primer cop utilitzat com a concepte a la pel\u00b7l\u00edcula anglesa &#8220;The Bucket List&#8221;, feta per dos [&hellip;]<\/p>\n","protected":false},"author":8,"featured_media":0,"parent":0,"menu_order":0,"comment_status":"open","ping_status":"closed","template":"","meta":{"_et_pb_use_builder":"","_et_pb_old_content":"","_et_gb_content_width":"","footnotes":""},"class_list":["post-13","page","type-page","status-publish","hentry"],"_links":{"self":[{"href":"https:\/\/im8hoursahead.com\/cat\/wp-json\/wp\/v2\/pages\/13","targetHints":{"allow":["GET"]}}],"collection":[{"href":"https:\/\/im8hoursahead.com\/cat\/wp-json\/wp\/v2\/pages"}],"about":[{"href":"https:\/\/im8hoursahead.com\/cat\/wp-json\/wp\/v2\/types\/page"}],"author":[{"embeddable":true,"href":"https:\/\/im8hoursahead.com\/cat\/wp-json\/wp\/v2\/users\/8"}],"replies":[{"embeddable":true,"href":"https:\/\/im8hoursahead.com\/cat\/wp-json\/wp\/v2\/comments?post=13"}],"version-history":[{"count":1,"href":"https:\/\/im8hoursahead.com\/cat\/wp-json\/wp\/v2\/pages\/13\/revisions"}],"predecessor-version":[{"id":2239,"href":"https:\/\/im8hoursahead.com\/cat\/wp-json\/wp\/v2\/pages\/13\/revisions\/2239"}],"wp:attachment":[{"href":"https:\/\/im8hoursahead.com\/cat\/wp-json\/wp\/v2\/media?parent=13"}],"curies":[{"name":"wp","href":"https:\/\/api.w.org\/{rel}","templated":true}]}}