{"id":1321,"date":"2018-02-11T13:15:21","date_gmt":"2018-02-11T13:15:21","guid":{"rendered":"https:\/\/im8hoursahead.com\/cat\/?page_id=1321"},"modified":"2021-05-31T14:48:41","modified_gmt":"2021-05-31T14:48:41","slug":"dolcos-somnis","status":"publish","type":"page","link":"https:\/\/im8hoursahead.com\/cat\/dolcos-somnis\/","title":{"rendered":"Dol\u00e7os Somnis"},"content":{"rendered":"<p>[et_pb_section fb_built=&#8221;1&#8243; _builder_version=&#8221;4.9.1&#8243; _module_preset=&#8221;default&#8221; background_image=&#8221;https:\/\/im8hoursahead.com\/cat\/wp-content\/uploads\/sites\/3\/2021\/04\/Banner-workwithme-scaled.jpg&#8221;][et_pb_row _builder_version=&#8221;4.9.1&#8243; _module_preset=&#8221;default&#8221;][et_pb_column type=&#8221;4_4&#8243; _builder_version=&#8221;4.9.1&#8243; _module_preset=&#8221;default&#8221;][et_pb_text _builder_version=&#8221;4.9.1&#8243; _module_preset=&#8221;default&#8221; header_2_font=&#8221;|600|||||||&#8221; header_2_text_color=&#8221;#FFFFFF&#8221; header_2_font_size=&#8221;68px&#8221; header_5_font=&#8221;Roboto|||on|||||&#8221; header_5_text_color=&#8221;#FFB246&#8243; header_5_font_size=&#8221;26px&#8221;]<\/p>\n<h2>DOL\u00c7OS SOMNIS<\/h2>\n<h5><span>Una llista de llocs \u00fanics on allotjar-se a tot el m\u00f3n<\/span><\/h5>\n<p>[\/et_pb_text][\/et_pb_column][\/et_pb_row][\/et_pb_section][et_pb_section fb_built=&#8221;1&#8243; admin_label=&#8221;section&#8221; _builder_version=&#8221;3.22&#8243;][et_pb_row admin_label=&#8221;row&#8221; _builder_version=&#8221;3.25&#8243; background_size=&#8221;initial&#8221; background_position=&#8221;top_left&#8221; background_repeat=&#8221;repeat&#8221;][et_pb_column type=&#8221;4_4&#8243; _builder_version=&#8221;3.25&#8243; custom_padding=&#8221;|||&#8221; custom_padding__hover=&#8221;|||&#8221;][et_pb_text admin_label=&#8221;Text&#8221; _builder_version=&#8221;4.7.0&#8243; text_line_height=&#8221;1em&#8221; background_size=&#8221;initial&#8221; background_position=&#8221;top_left&#8221; background_repeat=&#8221;repeat&#8221; custom_margin=&#8221;||-9px||false|false&#8221; custom_padding=&#8221;0px||0px||false|false&#8221;]<\/p>\n<p><!-- divi:paragraph -->Fan de con\u00e8ixer gent als hostals i viatjar amb motxilla, m&#8217;encanta descobrir <strong>llocs on dormir inusuals o \u00fanics.<\/strong><\/p>\n<p><!-- \/divi:paragraph --><\/p>\n<p><!-- divi:paragraph -->Com m\u00e9s viatjo m\u00e9s il\u00b7lusionada estic per un parell de nits a un allotjament especial. Les nits quan tinc Dol\u00e7os Somnis en aquests llocs s\u00f3n les nits que recordo m\u00e9s i millor.<\/p>\n<p><!-- \/divi:paragraph --><\/p>\n<p><!-- divi:paragraph --><strong>A vegades on dorms \u00e9s un dest\u00ed en si mateix.<\/strong> Volem viure experi\u00e8ncies excepcionals.<\/p>\n<p><!-- \/divi:paragraph --><\/p>\n<p><!-- divi:paragraph --><strong>Una col\u00b7lecci\u00f3 de ressenyes imparcials d&#8217;hotels, lodges, airbnb.. m\u00e9s \u00fanics on tenir Dol\u00e7os Somnis.<\/strong> Cases als arbres, coves, allotjaments estranys i singulars, llocs dels que no has sentit a parlar per\u00f2 no pots esperar a reservar pel teu pr\u00f2xim viatge.<\/p>\n<p><!-- \/divi:paragraph --><\/p>\n<p>[\/et_pb_text][\/et_pb_column][\/et_pb_row][et_pb_row _builder_version=&#8221;4.7.0&#8243; _module_preset=&#8221;default&#8221;][et_pb_column type=&#8221;4_4&#8243; _builder_version=&#8221;4.7.0&#8243; _module_preset=&#8221;default&#8221;][et_pb_text module_class=&#8221;pa-heading-line-both&#8221; _builder_version=&#8221;4.7.0&#8243; _module_preset=&#8221;default&#8221; text_font=&#8221;|700|||||||&#8221; text_text_color=&#8221;#5e5768&#8243; text_font_size=&#8221;40px&#8221; header_2_font=&#8221;|700|||||||&#8221; header_2_text_color=&#8221;#3a445d&#8221; header_2_font_size=&#8221;34px&#8221; custom_margin=&#8221;||-9px||false|false&#8221;]<\/p>\n<h2 style=\"text-align: center;\">\u00daLTIMS DOL\u00c7OS SOMNIS<\/h2>\n<p>[\/et_pb_text][\/et_pb_column][\/et_pb_row][et_pb_row _builder_version=&#8221;4.7.0&#8243; _module_preset=&#8221;default&#8221;][et_pb_column type=&#8221;4_4&#8243; _builder_version=&#8221;4.7.0&#8243; _module_preset=&#8221;default&#8221;][et_pb_blog fullwidth=&#8221;off&#8221; posts_number=&#8221;80&#8243; include_categories=&#8221;60&#8243; show_date=&#8221;off&#8221; show_pagination=&#8221;off&#8221; _builder_version=&#8221;4.9.4&#8243; _module_preset=&#8221;default&#8221; header_font=&#8221;|600|||||||&#8221; meta_text_color=&#8221;#ed8115&#8243; meta_font_size=&#8221;13px&#8221; meta_line_height=&#8221;1.4em&#8221; hover_enabled=&#8221;0&#8243; border_style_top_image=&#8221;none&#8221; module_class=&#8221;pa-blog-image-3-4&#8243; sticky_enabled=&#8221;0&#8243;][\/et_pb_blog][\/et_pb_column][\/et_pb_row][\/et_pb_section]<\/p>\n","protected":false},"excerpt":{"rendered":"<p>DOL\u00c7OS SOMNIS Una llista de llocs \u00fanics on allotjar-se a tot el m\u00f3nFan de con\u00e8ixer gent als hostals i viatjar amb motxilla, m&#8217;encanta descobrir llocs on dormir inusuals o \u00fanics. Com m\u00e9s viatjo m\u00e9s il\u00b7lusionada estic per un parell de nits a un allotjament especial. Les nits quan tinc Dol\u00e7os Somnis en aquests llocs s\u00f3n [&hellip;]<\/p>\n","protected":false},"author":8,"featured_media":0,"parent":0,"menu_order":0,"comment_status":"closed","ping_status":"closed","template":"","meta":{"_et_pb_use_builder":"on","_et_pb_old_content":"<!-- wp:paragraph -->\n<p>Fan de con\u00e8ixer gent als hostals i viatjar amb motxilla, m'encanta descobrir <strong>llocs on dormir inusuals o \u00fanics.<\/strong><\/p>\n<!-- \/wp:paragraph -->\n\n<!-- wp:paragraph -->\n<p>Com m\u00e9s viatjo m\u00e9s il\u00b7lusionada estic per un parell de nits a un allotjament  especial. Les nits quan tinc Dol\u00e7os Somnis en aquests llocs s\u00f3n les nits que recordo m\u00e9s i millor.<\/p>\n<!-- \/wp:paragraph -->\n\n<!-- wp:paragraph -->\n<p><strong>A vegades on dorms \u00e9s un dest\u00ed en si mateix.<\/strong> Volem viure experi\u00e8ncies excepcionals.<\/p>\n<!-- \/wp:paragraph -->\n\n<!-- wp:paragraph -->\n<p><strong>Una col\u00b7lecci\u00f3 de ressenyes imparcials d'hotels, lodges, airbnb.. m\u00e9s \u00fanics on tenir Dol\u00e7os Somnis.<\/strong> Cases als arbres,  coves, allotjaments estranys i singulars, llocs dels que no has sentit a parlar per\u00f2 no pots esperar a reservar pel teu pr\u00f2xim viatge.<\/p>\n<!-- \/wp:paragraph -->","_et_gb_content_width":"","footnotes":""},"class_list":["post-1321","page","type-page","status-publish","hentry"],"_links":{"self":[{"href":"https:\/\/im8hoursahead.com\/cat\/wp-json\/wp\/v2\/pages\/1321","targetHints":{"allow":["GET"]}}],"collection":[{"href":"https:\/\/im8hoursahead.com\/cat\/wp-json\/wp\/v2\/pages"}],"about":[{"href":"https:\/\/im8hoursahead.com\/cat\/wp-json\/wp\/v2\/types\/page"}],"author":[{"embeddable":true,"href":"https:\/\/im8hoursahead.com\/cat\/wp-json\/wp\/v2\/users\/8"}],"replies":[{"embeddable":true,"href":"https:\/\/im8hoursahead.com\/cat\/wp-json\/wp\/v2\/comments?post=1321"}],"version-history":[{"count":10,"href":"https:\/\/im8hoursahead.com\/cat\/wp-json\/wp\/v2\/pages\/1321\/revisions"}],"predecessor-version":[{"id":3494,"href":"https:\/\/im8hoursahead.com\/cat\/wp-json\/wp\/v2\/pages\/1321\/revisions\/3494"}],"wp:attachment":[{"href":"https:\/\/im8hoursahead.com\/cat\/wp-json\/wp\/v2\/media?parent=1321"}],"curies":[{"name":"wp","href":"https:\/\/api.w.org\/{rel}","templated":true}]}}