{"id":1679,"date":"2018-08-16T10:39:11","date_gmt":"2018-08-16T10:39:11","guid":{"rendered":"https:\/\/im8hoursahead.com\/cat\/?page_id=1679"},"modified":"2021-05-10T14:07:15","modified_gmt":"2021-05-10T14:07:15","slug":"recursos-viatge","status":"publish","type":"page","link":"https:\/\/im8hoursahead.com\/cat\/recursos-viatge\/","title":{"rendered":"Recursos de viatge"},"content":{"rendered":"[et_pb_section fb_built=&#8221;1&#8243; admin_label=&#8221;section&#8221; _builder_version=&#8221;3.22&#8243;][et_pb_row admin_label=&#8221;row&#8221; _builder_version=&#8221;3.25&#8243; background_size=&#8221;initial&#8221; background_position=&#8221;top_left&#8221; background_repeat=&#8221;repeat&#8221;][et_pb_column type=&#8221;4_4&#8243; _builder_version=&#8221;3.25&#8243; custom_padding=&#8221;|||&#8221; custom_padding__hover=&#8221;|||&#8221;][et_pb_text admin_label=&#8221;Text&#8221; _builder_version=&#8221;4.9.3&#8243; background_size=&#8221;initial&#8221; background_position=&#8221;top_left&#8221; background_repeat=&#8221;repeat&#8221; hover_enabled=&#8221;0&#8243; sticky_enabled=&#8221;0&#8243;]\n<h1 class=\"wp-block-heading\">Recursos de viatge: comen\u00e7a a planejar!<\/h1>\n\n\n\n<p>He recollit la seg\u00fcent llista d\u2019articles despr\u00e9s d\u2019haver provat aquestes t\u00e0ctiques durant els meus viatges pel m\u00f3n. Espero que trobeu articles \u00fatils per preparar la vostra pr\u00f2xima aventura!&nbsp;En aquesta llibreria de recursos de viatge trobareu de tot, des de <strong>com estalviar diners<\/strong>, quin \u00e9s el millor moment per comprar vols, qu\u00e8 posar a la maleta, com <strong>organitzar un viatge com un crack<\/strong> i alguna hist\u00f2ria curiosa ?<\/p>\n\n\n\n<hr class=\"wp-block-separator\"\/>\n\n\n\n<h3 class=\"wp-block-heading\">Com organitzar un viatge<\/h3>\n\n\n\n<p>Voleu graduar-vos en l\u2019art de planejar un viatge? Aqu\u00ed trobareu una llista de recursos de viatge per ajudar-vos a superar l\u2019experi\u00e8ncia emocionant de no oblidar res i reservar-ho tot b\u00e9! Mireu els articles que venen a continuaci\u00f3 per aprendre tot all\u00f2 que necessiteu:<\/p>\n\n\n\n<ul class=\"wp-block-list\"><li><a href=\"https:\/\/im8hoursahead.com\/cat\/com-planejar-un-viatge-en-11-facils-passos\/\" target=\"_blank\" rel=\"noopener noreferrer\">Com superar els vols de llarga durada<\/a><\/li><li>Trucs de viatge\n<ul>\n<li><a href=\"https:\/\/im8hoursahead.com\/cat\/trucs-per-vols-de-llarga-durada\/\" target=\"_blank\" rel=\"noopener noreferrer\">Com superar els vols de llarga durada<\/a><\/li>\n<li>Consells per <a href=\"https:\/\/im8hoursahead.com\/cat\/com-estalviar-costs-del-menjar-mentre-viatges\/\">estalviar costs del menjar mentre viatges<\/a><\/li>\n<\/ul>\n<\/li><\/ul>\n\n\n\n<hr class=\"wp-block-separator\"\/>\n\n\n\n<h3 class=\"wp-block-heading\">Material de viatge i llistes d\u2019equipatge<\/h3>\n\n\n\n<p>Apreneu com posar tot el que voleu i tots els \u201cper si de cas\u201d a la motxilla o maleta de m\u00e0. Tot el que necessiteu saber per no sentir-vos aclaparats davant la vostra bossa. Les llistes est\u00e0n adaptades a l\u2019\u00e8poca de l\u2019any i el dest\u00ed.<\/p>\n\n\n\n<ul class=\"wp-block-list\"><li>Llistes d\u2019equipatge\n<ul>\n<li><a href=\"https:\/\/im8hoursahead.com\/cat\/equipatge-de-ma-per-uganda-i-ruanda\/\" target=\"_blank\" rel=\"noopener noreferrer\">Llista d&#8217;equipatge per a tot l&#8217;any a Uganda i Ruanda<\/a><\/li>\n<li><a href=\"https:\/\/im8hoursahead.com\/cat\/motxilla-de-ma-estiu-llista-minimalista\/\" target=\"_blank\" rel=\"noopener noreferrer\">Llista d&#8217;equipatge de m\u00e0 per a l&#8217;estiu&nbsp;<\/a><\/li>\n<\/ul>\n<\/li><\/ul>\n\n\n\n<hr class=\"wp-block-separator\"\/>\n\n\n\n<h3 class=\"wp-block-heading\">Viatjar de manera responsable<\/h3>\n\n\n\n<p>Voler descobrir el m\u00f3n est\u00e0 molt b\u00e9. De fet, molts de nosaltres patim del mateix. Per\u00f2 perqu\u00e8 no triaries fer-ho deixant un impacte positiu en les persones, fauna i flora mentre descobreixes nous llocs.<\/p>\n\n\n\n<ul class=\"wp-block-list\"><li>Comen\u00e7a aqu\u00ed: <a href=\"https:\/\/im8hoursahead.com\/cat\/10-accions-facils-que-pots-fer-per-ser-un-viatger-responsable\/\" target=\"_blank\" rel=\"noopener noreferrer\">10 accions f\u00e0cils que pots implementar per ser un viatger responsable<\/a><\/li><li><a href=\"https:\/\/im8hoursahead.com\/cat\/guia-sostenible-cape-town\/\" target=\"_blank\" rel=\"noopener noreferrer\">Guia sostenible de Cape Town<\/a>: on dormir, menjar o comprar de manera sostenible!<\/li><\/ul>\n\n\n\n<hr class=\"wp-block-separator\"\/>\n\n\n\n<h3 class=\"wp-block-heading\">Fotografia i videografia<\/h3>\n\n\n\n<p>Si busques consells d&#8217;una fot\u00f2grafa i vide\u00f2grafa en creixement, aqu\u00ed trbar\u00e0s algunes pistes.<\/p>\n\n\n\n<ul class=\"wp-block-list\"><li><a href=\"https:\/\/im8hoursahead.com\/cat\/com-fotografiar-animals-salvatges-6-consells-per-a-principiants\/\" target=\"_blank\" rel=\"noreferrer noopener\">Com fotografiar animals salvatges: claus importants per fer-les millor<\/a><\/li><\/ul>\n\n\n\n<h3 class=\"wp-block-heading\">Creixement personal i hist\u00f2ries curioses<\/h3>\n\n\n\n<p>Coneguem-nos una mica m\u00e9s! Vols saber la meva opini\u00f3 en diversos temes que viatjar m\u2019ha ensenyat? Coneixer-me una mica millor?<\/p>\n\n\n\n<ul class=\"wp-block-list\"><li>Perqu\u00e8 <a href=\"https:\/\/im8hoursahead.com\/cat\/perque-tothom-viatjar-sol\/\" target=\"_blank\" rel=\"noopener noreferrer\">tothom hauria de viatjar sol almenys un cop<\/a><\/li><li>Les meves <a href=\"https:\/\/im8hoursahead.com\/cat\/tradicions-catalanes-curioses\/\" target=\"_blank\" rel=\"noopener noreferrer\">tradicions rares preferides de Catalunya<\/a><\/li><\/ul>\n[\/et_pb_text][\/et_pb_column][\/et_pb_row][\/et_pb_section]","protected":false},"excerpt":{"rendered":"<p>Recursos de viatge: comen\u00e7a a planejar! He recollit la seg\u00fcent llista d\u2019articles despr\u00e9s d\u2019haver provat aquestes t\u00e0ctiques durant els meus viatges pel m\u00f3n. Espero que trobeu articles \u00fatils per preparar la vostra pr\u00f2xima aventura!&nbsp;En aquesta llibreria de recursos de viatge trobareu de tot, des de com estalviar diners, quin \u00e9s el millor moment per comprar [&hellip;]<\/p>\n","protected":false},"author":8,"featured_media":0,"parent":0,"menu_order":0,"comment_status":"closed","ping_status":"closed","template":"","meta":{"_et_pb_use_builder":"on","_et_pb_old_content":"<!-- wp:heading {\"level\":1} -->\n<h1>Recursos de viatge: comen\u00e7a a planejar!<\/h1>\n<!-- \/wp:heading -->\n\n<!-- wp:paragraph -->\n<p>He recollit la seg\u00fcent llista d\u2019articles despr\u00e9s d\u2019haver provat aquestes t\u00e0ctiques durant els meus viatges pel m\u00f3n. Espero que trobeu articles \u00fatils per preparar la vostra pr\u00f2xima aventura!&nbsp;En aquesta llibreria de recursos de viatge trobareu de tot, des de <strong>com estalviar diners<\/strong>, quin \u00e9s el millor moment per comprar vols, qu\u00e8 posar a la maleta, com <strong>organitzar un viatge com un crack<\/strong> i alguna hist\u00f2ria curiosa ?<\/p>\n<!-- \/wp:paragraph -->\n\n<!-- wp:separator -->\n<hr class=\"wp-block-separator\"\/>\n<!-- \/wp:separator -->\n\n<!-- wp:heading {\"level\":3} -->\n<h3>Com organitzar un viatge<\/h3>\n<!-- \/wp:heading -->\n\n<!-- wp:paragraph -->\n<p>Voleu graduar-vos en l\u2019art de planejar un viatge? Aqu\u00ed trobareu una llista de recursos de viatge per ajudar-vos a superar l\u2019experi\u00e8ncia emocionant de no oblidar res i reservar-ho tot b\u00e9! Mireu els articles que venen a continuaci\u00f3 per aprendre tot all\u00f2 que necessiteu:<\/p>\n<!-- \/wp:paragraph -->\n\n<!-- wp:list -->\n<ul><li><a href=\"https:\/\/im8hoursahead.com\/cat\/com-planejar-un-viatge-en-11-facils-passos\/\" target=\"_blank\" rel=\"noopener noreferrer\">Com superar els vols de llarga durada<\/a><\/li><li>Trucs de viatge\n<ul>\n<li><a href=\"https:\/\/im8hoursahead.com\/cat\/trucs-per-vols-de-llarga-durada\/\" target=\"_blank\" rel=\"noopener noreferrer\">Com superar els vols de llarga durada<\/a><\/li>\n<li>Consells per <a href=\"https:\/\/im8hoursahead.com\/cat\/com-estalviar-costs-del-menjar-mentre-viatges\/\">estalviar costs del menjar mentre viatges<\/a><\/li>\n<\/ul>\n<\/li><\/ul>\n<!-- \/wp:list -->\n\n<!-- wp:separator -->\n<hr class=\"wp-block-separator\"\/>\n<!-- \/wp:separator -->\n\n<!-- wp:heading {\"level\":3} -->\n<h3>Material de viatge i llistes d\u2019equipatge<\/h3>\n<!-- \/wp:heading -->\n\n<!-- wp:paragraph -->\n<p>Apreneu com posar tot el que voleu i tots els \u201cper si de cas\u201d a la motxilla o maleta de m\u00e0. Tot el que necessiteu saber per no sentir-vos aclaparats davant la vostra bossa. Les llistes est\u00e0n adaptades a l\u2019\u00e8poca de l\u2019any i el dest\u00ed.<\/p>\n<!-- \/wp:paragraph -->\n\n<!-- wp:list -->\n<ul><li>Llistes d\u2019equipatge\n<ul>\n<li><a href=\"https:\/\/im8hoursahead.com\/cat\/equipatge-de-ma-per-uganda-i-ruanda\/\" target=\"_blank\" rel=\"noopener noreferrer\">Llista d'equipatge per a tot l'any a Uganda i Ruanda<\/a><\/li>\n<li><a href=\"https:\/\/im8hoursahead.com\/cat\/motxilla-de-ma-estiu-llista-minimalista\/\" target=\"_blank\" rel=\"noopener noreferrer\">Llista d'equipatge de m\u00e0 per a l'estiu&nbsp;<\/a><\/li>\n<\/ul>\n<\/li><\/ul>\n<!-- \/wp:list -->\n\n<!-- wp:separator -->\n<hr class=\"wp-block-separator\"\/>\n<!-- \/wp:separator -->\n\n<!-- wp:heading {\"level\":3} -->\n<h3>Viatjar de manera responsable<\/h3>\n<!-- \/wp:heading -->\n\n<!-- wp:paragraph -->\n<p>Voler descobrir el m\u00f3n est\u00e0 molt b\u00e9. De fet, molts de nosaltres patim del mateix. Per\u00f2 perqu\u00e8 no triaries fer-ho deixant un impacte positiu en les persones, fauna i flora mentre descobreixes nous llocs.<\/p>\n<!-- \/wp:paragraph -->\n\n<!-- wp:list -->\n<ul><li>Comen\u00e7a aqu\u00ed: <a href=\"https:\/\/im8hoursahead.com\/cat\/10-accions-facils-que-pots-fer-per-ser-un-viatger-responsable\/\" target=\"_blank\" rel=\"noopener noreferrer\">10 accions f\u00e0cils que pots implementar per ser un viatger responsable<\/a><\/li><li><a href=\"https:\/\/im8hoursahead.com\/cat\/guia-sostenible-cape-town\/\" target=\"_blank\" rel=\"noopener noreferrer\">Guia sostenible de Cape Town<\/a>: on dormir, menjar o comprar de manera sostenible!<\/li><\/ul>\n<!-- \/wp:list -->\n\n<!-- wp:separator -->\n<hr class=\"wp-block-separator\"\/>\n<!-- \/wp:separator -->\n\n<!-- wp:heading {\"level\":3} -->\n<h3>Fotografia i videografia<\/h3>\n<!-- \/wp:heading -->\n\n<!-- wp:paragraph -->\n<p>Si busques consells d'una fot\u00f2grafa i vide\u00f2grafa en creixement, aqu\u00ed trbar\u00e0s algunes pistes.<\/p>\n<!-- \/wp:paragraph -->\n\n<!-- wp:list -->\n<ul><li><a href=\"https:\/\/im8hoursahead.com\/cat\/com-fotografiar-animals-salvatges-6-consells-per-a-principiants\/\" target=\"_blank\" rel=\"noreferrer noopener\">Com fotografiar animals salvatges: claus importants per fer-les millor<\/a><\/li><\/ul>\n<!-- \/wp:list -->\n\n<!-- wp:heading {\"level\":3} -->\n<h3>Creixement personal i hist\u00f2ries curioses<\/h3>\n<!-- \/wp:heading -->\n\n<!-- wp:paragraph -->\n<p>Coneguem-nos una mica m\u00e9s! Vols saber la meva opini\u00f3 en diversos temes que viatjar m\u2019ha ensenyat? Coneixer-me una mica millor?<\/p>\n<!-- \/wp:paragraph -->\n\n<!-- wp:list -->\n<ul><li>Perqu\u00e8 <a href=\"https:\/\/im8hoursahead.com\/cat\/perque-tothom-viatjar-sol\/\" target=\"_blank\" rel=\"noopener noreferrer\">tothom hauria de viatjar sol almenys un cop<\/a><\/li><li>Les meves <a href=\"https:\/\/im8hoursahead.com\/cat\/tradicions-catalanes-curioses\/\" target=\"_blank\" rel=\"noopener noreferrer\">tradicions rares preferides de Catalunya<\/a><\/li><\/ul>\n<!-- \/wp:list -->","_et_gb_content_width":"1080","footnotes":""},"class_list":["post-1679","page","type-page","status-publish","hentry"],"_links":{"self":[{"href":"https:\/\/im8hoursahead.com\/cat\/wp-json\/wp\/v2\/pages\/1679","targetHints":{"allow":["GET"]}}],"collection":[{"href":"https:\/\/im8hoursahead.com\/cat\/wp-json\/wp\/v2\/pages"}],"about":[{"href":"https:\/\/im8hoursahead.com\/cat\/wp-json\/wp\/v2\/types\/page"}],"author":[{"embeddable":true,"href":"https:\/\/im8hoursahead.com\/cat\/wp-json\/wp\/v2\/users\/8"}],"replies":[{"embeddable":true,"href":"https:\/\/im8hoursahead.com\/cat\/wp-json\/wp\/v2\/comments?post=1679"}],"version-history":[{"count":8,"href":"https:\/\/im8hoursahead.com\/cat\/wp-json\/wp\/v2\/pages\/1679\/revisions"}],"predecessor-version":[{"id":3451,"href":"https:\/\/im8hoursahead.com\/cat\/wp-json\/wp\/v2\/pages\/1679\/revisions\/3451"}],"wp:attachment":[{"href":"https:\/\/im8hoursahead.com\/cat\/wp-json\/wp\/v2\/media?parent=1679"}],"curies":[{"name":"wp","href":"https:\/\/api.w.org\/{rel}","templated":true}]}}