{"id":1987,"date":"2019-06-03T05:12:36","date_gmt":"2019-06-03T05:12:36","guid":{"rendered":"https:\/\/im8hoursahead.com\/cat\/?page_id=1987"},"modified":"2021-06-20T17:28:03","modified_gmt":"2021-06-20T17:28:03","slug":"treballa-amb-mi","status":"publish","type":"page","link":"https:\/\/im8hoursahead.com\/cat\/treballa-amb-mi\/","title":{"rendered":"Treballa Amb Mi"},"content":{"rendered":"<p>[et_pb_section fb_built=&#8221;1&#8243; _builder_version=&#8221;4.9.0&#8243; _module_preset=&#8221;default&#8221; background_image=&#8221;https:\/\/im8hoursahead.com\/cat\/wp-content\/uploads\/sites\/3\/2021\/04\/Banner-workwithme-scaled-1.jpg&#8221; custom_margin=&#8221;0px||||false|false&#8221;][et_pb_row _builder_version=&#8221;4.9.0&#8243; _module_preset=&#8221;default&#8221;][et_pb_column type=&#8221;4_4&#8243; _builder_version=&#8221;4.9.0&#8243; _module_preset=&#8221;default&#8221;][et_pb_text _builder_version=&#8221;4.9.1&#8243; _module_preset=&#8221;default&#8221; header_font=&#8221;Oswald||||||||&#8221; header_2_font=&#8221;|600|||||||&#8221; header_2_text_color=&#8221;#FFFFFF&#8221; header_2_font_size=&#8221;68px&#8221; header_5_font=&#8221;Roboto|||on|||||&#8221; header_5_text_color=&#8221;#FFB246&#8243; header_5_font_size=&#8221;26px&#8221; header_5_letter_spacing=&#8221;2px&#8221;]<\/p>\n<h2>TREBALLA AMB<\/h2>\n<h2>I&#8217;M 8 HOURS AHEAD<\/h2>\n<h5>Hist\u00f2ries visuals contundents<\/h5>\n<p>[\/et_pb_text][\/et_pb_column][\/et_pb_row][\/et_pb_section][et_pb_section fb_built=&#8221;1&#8243; admin_label=&#8221;Pricing&#8221; _builder_version=&#8221;3.22&#8243; background_size=&#8221;initial&#8221; background_position=&#8221;top_left&#8221; background_repeat=&#8221;repeat&#8221; custom_padding=&#8221;54px|0px|54px|0px|false|false&#8221;][et_pb_row column_structure=&#8221;1_2,1_2&#8243; _builder_version=&#8221;4.7.0&#8243; custom_padding=&#8221;|||&#8221;][et_pb_column type=&#8221;1_2&#8243; _builder_version=&#8221;3.25&#8243; custom_padding=&#8221;|||&#8221; custom_padding__hover=&#8221;|||&#8221;][et_pb_text _builder_version=&#8221;4.9.1&#8243; text_font=&#8221;Open Sans||||||||&#8221; text_font_size=&#8221;16px&#8221; text_line_height=&#8221;2em&#8221; header_font=&#8221;||||||||&#8221; header_2_font=&#8221;Oswald|||on|||||&#8221; header_2_line_height=&#8221;1.5em&#8221; header_4_font=&#8221;Oswald|||on|||||&#8221; header_4_font_size=&#8221;30px&#8221; header_4_line_height=&#8221;1.5em&#8221; max_width=&#8221;600px&#8221; module_alignment=&#8221;right&#8221; custom_margin=&#8221;|||&#8221;]<\/p>\n<h2 class=\"vc_custom_heading\">Videografia d&#8217;hotels i lodges | Pel\u00b7l\u00edcules Cinematogr\u00e0fiques | v\u00eddeos de dest\u00ed | articles al BLOG<\/h2>\n<p><em><strong>QU\u00c8 FAIG<\/strong><\/em>: Capturar l&#8217;atenci\u00f3 de la gent amb contundent hist\u00f2ries visuals per crear conexions genuines.\u00a0<\/p>\n<p>M&#8217;apassionen els llocs \u00fanics i inusuals on dormir, viatges sostenibles i compartir itiner\u00e0ris independents i ressenyes de llocs que he tingut la sort de visitar pel m\u00f3n.<\/p>\n<p>[\/et_pb_text][\/et_pb_column][et_pb_column type=&#8221;1_2&#8243; _builder_version=&#8221;3.25&#8243; custom_padding=&#8221;|||&#8221; custom_padding__hover=&#8221;|||&#8221;][et_pb_image src=&#8221;https:\/\/im8hoursahead.com\/cat\/wp-content\/uploads\/sites\/3\/2021\/04\/IMG_7040-1-scaled-1.jpg&#8221; title_text=&#8221;IMG_7040-1&#8243; align_tablet=&#8221;center&#8221; align_phone=&#8221;&#8221; align_last_edited=&#8221;on|desktop&#8221; _builder_version=&#8221;4.9.0&#8243; width=&#8221;100%&#8221; max_width=&#8221;100%&#8221; max_height=&#8221;1000px&#8221; custom_margin=&#8221;-2vw|0px|||false|false&#8221; custom_margin_tablet=&#8221;0px|||&#8221; custom_margin_phone=&#8221;&#8221; custom_margin_last_edited=&#8221;on|phone&#8221; animation_style=&#8221;fade&#8221; border_width_all=&#8221;30px&#8221; border_color_all=&#8221;#ffffff&#8221;][\/et_pb_image][\/et_pb_column][\/et_pb_row][et_pb_row _builder_version=&#8221;4.7.0&#8243; _module_preset=&#8221;default&#8221;][et_pb_column type=&#8221;4_4&#8243; _builder_version=&#8221;4.7.0&#8243; _module_preset=&#8221;default&#8221;][et_pb_text _builder_version=&#8221;4.9.1&#8243; _module_preset=&#8221;default&#8221;]<\/p>\n<p>Com tries un dest\u00ed i allotjament si mai hi has estat?<\/p>\n<ul>\n<li style=\"padding-left: 30px;\">V\u00eddeografia i fotograia del dest\u00ed o hotel<\/li>\n<li style=\"padding-left: 30px;\">Ressenyes amb imatges<\/li>\n<li style=\"padding-left: 30px;\">Recomanacions d&#8217;amics i agents de viatge<\/li>\n<\/ul>\n<p>El teu convidat vol veure imatges i v\u00eddeos de l&#8217;exterior, les habitacions, les zones comunes i les caracter\u00edstiques especials del teu allotjament.<\/p>\n<p>&nbsp;<\/p>\n<h5 style=\"text-align: center;\"><strong>INCREMENTA TR\u00c0FIC I AMPLIA RESERVES<\/strong><\/h5>\n<p>[\/et_pb_text][et_pb_image src=&#8221;https:\/\/im8hoursahead.com\/cat\/wp-content\/uploads\/sites\/3\/2018\/03\/PlatbosForestBushBuckSuite2.jpg&#8221; alt=&#8221;Platbos Forest Bush Buck Suite1&#8243; title_text=&#8221;Platbos Forest Bush Buck Suite1&#8243; _builder_version=&#8221;4.9.0&#8243; _module_preset=&#8221;default&#8221;][\/et_pb_image][\/et_pb_column][\/et_pb_row][et_pb_row _builder_version=&#8221;4.7.0&#8243; _module_preset=&#8221;default&#8221;][et_pb_column type=&#8221;4_4&#8243; _builder_version=&#8221;4.7.0&#8243; _module_preset=&#8221;default&#8221;][et_pb_text _builder_version=&#8221;4.7.0&#8243; text_font=&#8221;||||||||&#8221; header_font=&#8221;||||||||&#8221; header_2_font=&#8221;Oswald|500||on|||||&#8221; header_2_font_size=&#8221;60px&#8221; header_2_letter_spacing=&#8221;2px&#8221; header_2_line_height=&#8221;1.5em&#8221; header_3_font=&#8221;|600|||||||&#8221; header_3_font_size=&#8221;26px&#8221; text_orientation=&#8221;center&#8221; max_width=&#8221;800px&#8221; module_alignment=&#8221;center&#8221; custom_margin=&#8221;-10px||||false|false&#8221; custom_padding=&#8221;0px|0px|0px|0px|false|false&#8221; header_2_font_size_tablet=&#8221;60px&#8221; header_2_font_size_phone=&#8221;30px&#8221; header_2_font_size_last_edited=&#8221;on|phone&#8221;]<\/p>\n<h3>OPCIONS DE COL\u00b7LABORACI\u00d3<\/h3>\n<p>[\/et_pb_text][et_pb_text _builder_version=&#8221;4.9.1&#8243; _module_preset=&#8221;default&#8221;]<\/p>\n<p style=\"text-align: center;\">V\u00eddeos atractius<\/p>\n<p style=\"text-align: center;\">Fotografia d&#8217;Hotel\/Lodge\u00a0<\/p>\n<p style=\"text-align: center;\">Cr\u00edtiques d&#8217;allotjament honestes\u00a0<\/p>\n<p style=\"text-align: center;\">Ressenyes d&#8217;activitats i tours\u00a0<\/p>\n<p>[\/et_pb_text][\/et_pb_column][\/et_pb_row][\/et_pb_section][et_pb_section fb_built=&#8221;1&#8243; _builder_version=&#8221;4.9.0&#8243; _module_preset=&#8221;default&#8221; background_image=&#8221;https:\/\/im8hoursahead.com\/cat\/wp-content\/uploads\/sites\/3\/2020\/06\/VindouxGuestFarm2.jpg&#8221;][et_pb_row column_structure=&#8221;1_2,1_2&#8243; _builder_version=&#8221;4.9.0&#8243; _module_preset=&#8221;default&#8221;][et_pb_column type=&#8221;1_2&#8243; _builder_version=&#8221;4.9.0&#8243; _module_preset=&#8221;default&#8221;][et_pb_text _builder_version=&#8221;4.9.1&#8243; _module_preset=&#8221;default&#8221; background_color=&#8221;#FFFFFF&#8221;]<\/p>\n<h4 style=\"text-align: center;\"><strong><\/strong><\/h4>\n<h4 style=\"text-align: center;\"><strong><\/strong><\/h4>\n<h4 style=\"text-align: center;\"><strong>PREPARAT PER COMERCIALITZAR EL TEU HOTEL O LODGE?<\/strong><\/h4>\n<p><strong><\/strong><\/p>\n<p style=\"text-align: center;\">Tens una idea que no est\u00e0 a la llista? No dubtis i posa&#8217;t en contacte i demana el <strong>media kit<\/strong>. Parlem-ne!<\/p>\n<p style=\"text-align: center;\">El web \u00e9s biling\u00fce (Angl\u00e8s i Catal\u00e0) i podem\u00a0 arribar a audi\u00e8ncies diferents.<\/p>\n<p style=\"text-align: center;\">[\/et_pb_text][\/et_pb_column][et_pb_column type=&#8221;1_2&#8243; _builder_version=&#8221;4.9.0&#8243; _module_preset=&#8221;default&#8221;][et_pb_button button_url=&#8221;https:\/\/im8hoursahead.com\/contact&#8221; url_new_window=&#8221;on&#8221; button_text=&#8221;PARLEM-NE&#8221; button_alignment=&#8221;center&#8221; _builder_version=&#8221;4.9.1&#8243; _module_preset=&#8221;default&#8221; custom_button=&#8221;on&#8221; button_text_size=&#8221;15px&#8221; button_text_color=&#8221;#ffffff&#8221; button_bg_color=&#8221;#ffb246&#8243; button_border_width=&#8221;7px&#8221; button_border_color=&#8221;#FFB246&#8243; button_border_radius=&#8221;0px&#8221; button_font=&#8221;Roboto||||||||&#8221; button_icon=&#8221;%%3%%&#8221; button_icon_color=&#8221;#ffffff&#8221; button_on_hover=&#8221;off&#8221; custom_margin=&#8221;72px||0px||false|false&#8221; custom_padding=&#8221;||0px||false|false&#8221; button_border_color_tablet=&#8221;&#8221; button_border_color_phone=&#8221;&#8221; button_border_color_last_edited=&#8221;on|desktop&#8221;][\/et_pb_button][\/et_pb_column][\/et_pb_row][\/et_pb_section][et_pb_section fb_built=&#8221;1&#8243; _builder_version=&#8221;4.9.0&#8243; _module_preset=&#8221;default&#8221;][et_pb_row column_structure=&#8221;1_2,1_2&#8243; _builder_version=&#8221;4.7.0&#8243; custom_padding=&#8221;|||&#8221;][et_pb_column type=&#8221;1_2&#8243; _builder_version=&#8221;3.25&#8243; custom_padding=&#8221;|||&#8221; custom_padding__hover=&#8221;|||&#8221;][et_pb_text _builder_version=&#8221;4.9.1&#8243; text_font=&#8221;Open Sans||||||||&#8221; text_font_size=&#8221;16px&#8221; text_line_height=&#8221;2em&#8221; header_font=&#8221;||||||||&#8221; header_2_font=&#8221;Oswald|||on|||||&#8221; header_2_line_height=&#8221;1.5em&#8221; header_4_font=&#8221;Oswald|||on|||||&#8221; header_4_font_size=&#8221;30px&#8221; header_4_line_height=&#8221;1.5em&#8221; max_width=&#8221;600px&#8221; module_alignment=&#8221;right&#8221; custom_margin=&#8221;|||&#8221;]<\/p>\n<h2 class=\"vc_custom_heading\">ORGANITZACI\u00d3 DE VIATGES | itinerari fet a mida | consulta de viatge<\/h2>\n<p><em><strong>QU\u00c8 FAIG<\/strong><\/em>: Tot el que tu necessites per NO haver d&#8217;organitzar el teu viatge. Faig la recerca i creo itineraris a mid perqu\u00e8 tu nom\u00e9s hagis de viatjar.<\/p>\n<p>Hi han infinites possibilitats per <strong>organitzar un viatge amb pressupost limitat a qualsevol dest\u00ed.<\/strong> Per\u00f2 nom\u00e9s si saps com trobar-les. Ajuda que no t&#8217;importi <strong>passar-te temps buscant la millor opci\u00f3.<\/strong>\u00a0<\/p>\n<p>Faig recerca extensiva per fer l&#8217;itinerari a mida del teu pressupost i ajudo a donar-li vida, <strong>estalviant-te molts diners!\u00a0<\/strong><\/p>\n<p>[\/et_pb_text][\/et_pb_column][et_pb_column type=&#8221;1_2&#8243; _builder_version=&#8221;3.25&#8243; custom_padding=&#8221;|||&#8221; custom_padding__hover=&#8221;|||&#8221;][et_pb_image src=&#8221;https:\/\/im8hoursahead.com\/cat\/wp-content\/uploads\/sites\/3\/2021\/04\/Travel-planning-and-consultation-1.jpg&#8221; alt=&#8221;Travel planning and consultation &#8221; title_text=&#8221;Travel planning and consultation&#8221; align_tablet=&#8221;center&#8221; align_phone=&#8221;&#8221; align_last_edited=&#8221;on|desktop&#8221; _builder_version=&#8221;4.9.1&#8243; width=&#8221;100%&#8221; max_width=&#8221;100%&#8221; max_height=&#8221;1000px&#8221; custom_margin=&#8221;-2vw|0px|||false|false&#8221; custom_margin_tablet=&#8221;0px|||&#8221; custom_margin_phone=&#8221;&#8221; custom_margin_last_edited=&#8221;on|phone&#8221; animation_style=&#8221;fade&#8221; border_width_all=&#8221;30px&#8221; border_color_all=&#8221;#ffffff&#8221;][\/et_pb_image][et_pb_button button_url=&#8221;https:\/\/im8hoursahead.com\/trip-planning\/&#8221; url_new_window=&#8221;on&#8221; button_text=&#8221;RESERVA EL TEU LLOC&#8221; button_alignment=&#8221;center&#8221; _builder_version=&#8221;4.9.1&#8243; _module_preset=&#8221;default&#8221; custom_button=&#8221;on&#8221; button_text_color=&#8221;#FFFFFF&#8221; button_bg_color=&#8221;#ED8115&#8243; button_border_color=&#8221;#ED8115&#8243; button_icon_color=&#8221;#FFFFFF&#8221; button_on_hover=&#8221;off&#8221;][\/et_pb_button][\/et_pb_column][\/et_pb_row][et_pb_row _builder_version=&#8221;4.9.1&#8243; _module_preset=&#8221;default&#8221;][et_pb_column type=&#8221;4_4&#8243; _builder_version=&#8221;4.9.1&#8243; _module_preset=&#8221;default&#8221;][et_pb_divider color=&#8221;#000000&#8243; _builder_version=&#8221;4.9.1&#8243; _module_preset=&#8221;default&#8221; transform_translate=&#8221;222px|4px&#8221; width=&#8221;57%&#8221;][\/et_pb_divider][\/et_pb_column][\/et_pb_row][et_pb_row column_structure=&#8221;3_5,1_5,1_5&#8243; _builder_version=&#8221;3.25&#8243; background_size=&#8221;initial&#8221; background_position=&#8221;top_left&#8221; background_repeat=&#8221;repeat&#8221;][et_pb_column type=&#8221;3_5&#8243; _builder_version=&#8221;3.25&#8243; custom_padding=&#8221;|||&#8221; custom_padding__hover=&#8221;|||&#8221;][et_pb_text _builder_version=&#8221;4.9.1&#8243; header_3_font=&#8221;|600|||||||&#8221; header_3_text_align=&#8221;center&#8221; header_3_font_size=&#8221;27px&#8221; background_size=&#8221;initial&#8221; background_position=&#8221;top_left&#8221; background_repeat=&#8221;repeat&#8221;]<\/p>\n<p><!-- \/divi:paragraph --><\/p>\n<p><!-- \/divi:list --><\/p>\n<h3>A LA PREMSA<\/h3>\n<p><!-- \/divi:paragraph --><\/p>\n<p><!-- divi:heading {\"level\":3} --><\/p>\n<p><!-- \/divi:heading --><\/p>\n<p><!-- divi:paragraph --><strong>Articles:<\/strong><\/p>\n<p><!-- \/divi:paragraph --><\/p>\n<p><!-- divi:list --><\/p>\n<ul>\n<li><a href=\"https:\/\/drinkteatravel.com\/things-to-do-in-andorra-la-vella\/\" target=\"_blank\" rel=\"noreferrer noopener\">Sustainable City Guide: Things to do in Andorra la vella, Andorra<\/a> &#8211; Green Tea Travel<\/li>\n<li><a rel=\"noreferrer noopener\" aria-label=\"20 reasons to fall in love with Barcelona (s'obre en una nova pestanya)\" href=\"https:\/\/wearetravelgirls.com\/barcelona-activities\/\" target=\"_blank\">20 reasons to fall in love with Barcelona<\/a> &#8211; We are travel girls<\/li>\n<li><a rel=\"noreferrer noopener\" aria-label=\"One day in Bohinj (Slovenia) itinerary  (s'obre en una nova pestanya)\" href=\"http:\/\/onedayitinerary.com\/one-day-in-bohinj-itinerary\/\" target=\"_blank\">One day in Bohinj (Eslov\u00e8nia) itinerary<\/a> &#8211; One day itinerary<\/li>\n<\/ul>\n<p><!-- \/divi:list --><\/p>\n<p><!-- divi:paragraph --><strong>Mencions:<\/strong><\/p>\n<p><!-- \/divi:paragraph --><\/p>\n<p><!-- divi:list --><\/p>\n<ul>\n<li><a href=\"https:\/\/www.bemytravelmuse.com\/solo-traveling-in-a-relationship\/\" target=\"_blank\" rel=\"noreferrer noopener\" aria-label=\"Women in relationships explain why they travel solo (s'obre en una nova pestanya)\">Women in relationships explain why they travel solo<\/a> &#8211; Be my travel muse<\/li>\n<\/ul>\n<p><!-- \/divi:list --><\/p>\n<p>[\/et_pb_text][\/et_pb_column][et_pb_column type=&#8221;1_5&#8243; _builder_version=&#8221;3.25&#8243; custom_padding=&#8221;|||&#8221; custom_padding__hover=&#8221;|||&#8221;][et_pb_code _builder_version=&#8221;4.9.1&#8243; _module_preset=&#8221;default&#8221;]<a title=\"Ethical Influencers\" href=\"https:\/\/ethicalinfluencers.co.uk\" target=\"_blank\" rel=\"nofollow noopener noreferrer\" data-imagelightbox=\"g\"><img decoding=\"async\" src=\"https:\/\/ethicalinfluencers.co.uk\/wp-content\/uploads\/2018\/05\/EI-Member-Logo.gif\" alt=\"Ethical Influencers\u201d style=\"><\/a>[\/et_pb_code][\/et_pb_column][et_pb_column type=&#8221;1_5&#8243; _builder_version=&#8221;3.25&#8243; custom_padding=&#8221;|||&#8221; custom_padding__hover=&#8221;|||&#8221;][et_pb_image src=&#8221;https:\/\/im8hoursahead.com\/cat\/wp-content\/uploads\/sites\/3\/2021\/06\/Faada-turismo-responsable.jpg&#8221; _builder_version=&#8221;4.9.6&#8243; _module_preset=&#8221;default&#8221; alt=&#8221;Faada turismo responsable&#8221; title_text=&#8221;Faada turismo responsable&#8221; hover_enabled=&#8221;0&#8243; sticky_enabled=&#8221;0&#8243;][\/et_pb_image][\/et_pb_column][\/et_pb_row][\/et_pb_section]<\/p>\n","protected":false},"excerpt":{"rendered":"<p>TREBALLA AMB I&#8217;M 8 HOURS AHEAD Hist\u00f2ries visuals contundentsVideografia d&#8217;hotels i lodges | Pel\u00b7l\u00edcules Cinematogr\u00e0fiques | v\u00eddeos de dest\u00ed | articles al BLOG QU\u00c8 FAIG: Capturar l&#8217;atenci\u00f3 de la gent amb contundent hist\u00f2ries visuals per crear conexions genuines.\u00a0 M&#8217;apassionen els llocs \u00fanics i inusuals on dormir, viatges sostenibles i compartir itiner\u00e0ris independents i ressenyes de [&hellip;]<\/p>\n","protected":false},"author":8,"featured_media":0,"parent":0,"menu_order":0,"comment_status":"closed","ping_status":"closed","template":"","meta":{"_et_pb_use_builder":"on","_et_pb_old_content":"<!-- wp:paragraph -->\n<p>No nom\u00e9s una viatgera empedre\u00efda sin\u00f3 tamb\u00e9 una organitzadora de viatges professional, he desenvolupat les meves habilitats en diferents pa\u00efsos. Si t\u2019agrada el blog i t\u2019agradaria treballar conjuntament, demana el meu <strong>media kit<\/strong> i treballa amb mi. La p\u00e0gina web \u00e9s biling\u00fce (Catal\u00e0 i Angl\u00e8s) i arriba a audi\u00e8ncies de diferents pa\u00efsos.<\/p>\n<!-- \/wp:paragraph -->\n\n<!-- wp:paragraph -->\n<p>Opcions de col\u00b7laboraci\u00f3 oferts:<\/p>\n<!-- \/wp:paragraph -->\n\n<!-- wp:list -->\n<ul><li>V\u00eddeos atractius<\/li><li>Ressenyes d\u2019allotjament<\/li><li>Ressenyes d\u2019excursions<\/li><li>Articles patrocinats<\/li><\/ul>\n<!-- \/wp:list -->\n\n<!-- wp:paragraph -->\n<p>Tens una idea que no surt a la llista? No dubtis m\u00e9s i posa\u2019t en contacte!<\/p>\n<!-- \/wp:paragraph -->\n\n<!-- wp:paragraph -->\n<p>im8hoursahead[arroba]gmail[punt]com<\/p>\n<!-- \/wp:paragraph -->\n\n<!-- wp:paragraph -->\n<p>M'encantaria saber de tu!<\/p>\n<!-- \/wp:paragraph -->\n\n<!-- wp:heading {\"level\":3} -->\n<h3>A LA PREMSA<\/h3>\n<!-- \/wp:heading -->\n\n<!-- wp:paragraph -->\n<p><strong>Articles:<\/strong><\/p>\n<!-- \/wp:paragraph -->\n\n<!-- wp:list -->\n<ul><li><a href=\"https:\/\/drinkteatravel.com\/things-to-do-in-andorra-la-vella\/\" target=\"_blank\" rel=\"noreferrer noopener\">Sustainable City Guide: Things to do in Andorra la vella, Andorra<\/a><\/li><li><a rel=\"noreferrer noopener\" aria-label=\"20 reasons to fall in love with Barcelona (s'obre en una nova pestanya)\" href=\"https:\/\/wearetravelgirls.com\/barcelona-activities\/\" target=\"_blank\">20 reasons to fall in love with Barcelona<\/a> <\/li><li><a rel=\"noreferrer noopener\" aria-label=\"One day in Bohinj (Slovenia) itinerary  (s'obre en una nova pestanya)\" href=\"http:\/\/onedayitinerary.com\/one-day-in-bohinj-itinerary\/\" target=\"_blank\">One day in Bohinj (Eslov\u00e8nia) itinerary <\/a><\/li><\/ul>\n<!-- \/wp:list -->\n\n<!-- wp:paragraph -->\n<p><strong>Mencions:<\/strong><\/p>\n<!-- \/wp:paragraph -->\n\n<!-- wp:list -->\n<ul><li><a href=\"https:\/\/www.bemytravelmuse.com\/solo-traveling-in-a-relationship\/\" target=\"_blank\" rel=\"noreferrer noopener\" aria-label=\"Women in relationships explain why they travel solo (s'obre en una nova pestanya)\">Women in relationships explain why they travel solo<\/a> <\/li><\/ul>\n<!-- \/wp:list -->","_et_gb_content_width":"","footnotes":""},"class_list":["post-1987","page","type-page","status-publish","hentry"],"_links":{"self":[{"href":"https:\/\/im8hoursahead.com\/cat\/wp-json\/wp\/v2\/pages\/1987","targetHints":{"allow":["GET"]}}],"collection":[{"href":"https:\/\/im8hoursahead.com\/cat\/wp-json\/wp\/v2\/pages"}],"about":[{"href":"https:\/\/im8hoursahead.com\/cat\/wp-json\/wp\/v2\/types\/page"}],"author":[{"embeddable":true,"href":"https:\/\/im8hoursahead.com\/cat\/wp-json\/wp\/v2\/users\/8"}],"replies":[{"embeddable":true,"href":"https:\/\/im8hoursahead.com\/cat\/wp-json\/wp\/v2\/comments?post=1987"}],"version-history":[{"count":25,"href":"https:\/\/im8hoursahead.com\/cat\/wp-json\/wp\/v2\/pages\/1987\/revisions"}],"predecessor-version":[{"id":3509,"href":"https:\/\/im8hoursahead.com\/cat\/wp-json\/wp\/v2\/pages\/1987\/revisions\/3509"}],"wp:attachment":[{"href":"https:\/\/im8hoursahead.com\/cat\/wp-json\/wp\/v2\/media?parent=1987"}],"curies":[{"name":"wp","href":"https:\/\/api.w.org\/{rel}","templated":true}]}}