{"id":84,"date":"2016-01-28T16:01:57","date_gmt":"2016-01-28T16:01:57","guid":{"rendered":"https:\/\/im8hoursaheadcat.wordpress.com\/?page_id=84"},"modified":"2021-02-22T07:48:47","modified_gmt":"2021-02-22T07:48:47","slug":"exempcio-responsabilitat","status":"publish","type":"page","link":"https:\/\/im8hoursahead.com\/cat\/exempcio-responsabilitat\/","title":{"rendered":"Exempci\u00f3 de responsabilitat i pol\u00edtica de privacitat"},"content":{"rendered":"\n<h2 class=\"wp-block-heading\"><strong>Exempci\u00f3 de responsabilitat<\/strong><\/h2>\n\n\n\n<p><a href=\"http:\/\/www.im8hoursahead.wordpress.com\/\">www.im8hoursahead.com<\/a>, aix\u00ed\ncom&nbsp;<a href=\"http:\/\/www.im8hoursahead.com\/cat\">www.im8hoursahead.com\/cat<\/a>&nbsp;est\u00e0\ntotalment escrit, desenvolupat i mantingut per im8hoursahead. El contingut\nd\u2019aquest lloc web t\u00e9 com a objectiu transmetre informaci\u00f3. La informaci\u00f3 est\u00e0\nredactada, editada i fotografiada per Im8hoursahead, excepte en aquells casos\nen que s\u2019indica especialment. Tot i que es procura mantenir la informaci\u00f3\nactualitzada i correcta, no ens fem responsables, de manera expressa o\nimpl\u00edcita, respecte de l\u2019exactitud, la integritat, la fiabilitat, l\u2019adequaci\u00f3 o\nla disponibilitat\/exist\u00e8ncia de la informaci\u00f3 del web, aix\u00ed com tamb\u00e9 de la\ninformaci\u00f3 derivada de les empreses prove\u00efdores que s\u2019hi esmenten. \u00c9s\nestrictament de la seva responsabilitat la confian\u00e7a que vost\u00e8 dipositi en\naquesta informaci\u00f3 que en aquest lloc web es cont\u00e9.<\/p>\n\n\n\n<p>En cap cas serem\nresponsables de cap tipus de p\u00e8rdua o dany, directe o indirecte que sorgeixin\nde, o en connexi\u00f3 amb, l\u2019\u00fas d\u2019aquest lloc web.<\/p>\n\n\n\n<p>Totes les opinions\nexpressades s\u00f3n propietat exclusiva de im8hoursahead i de ning\u00fa m\u00e9s, incloent\nper\u00f2 sense limitar les dels col\u00b7laboradors. En ocasions, col\u00b7laboradors\nconvidats contribuiran en la creaci\u00f3 de posts o imatges concretes. Aquestes\ncontribucions seran expressament citades. Totes les fotos son propietat de\nim8hoursahead excepte les expressament citades de forma diferent.<\/p>\n\n\n\n<p>L\u2019\u00fas no autoritzat i\/o\nduplicaci\u00f3 del material contingut en aquest lloc web sense el perm\u00eds previ\nexpr\u00e9s i per escrit de l\u2019autora i propiet\u00e0ria d\u2019aquest web queda terminantment\nprohibit. Es poden utilitzar extractes i enlla\u00e7os, sempre que es faci constar\nla refer\u00e8ncia completa, visible i clara d&#8217;im8hoursahead, amb l\u2019enlla\u00e7 apropiat\ni espec\u00edfic del contingut original.<\/p>\n\n\n\n<p>Im8hoursahead no accepta\ncap responsabilitat, i no ser\u00e0 responsable, pel lloc web quan temporalment\npugui no estar disponible degut a imprevistos t\u00e8cnics.<\/p>\n\n\n\n<p>Els comentaris estan\npublicats sota la discreci\u00f3 de cada participant al lloc web.<\/p>\n\n\n\n<p>Els comentaris amb\nl\u2019objectiu d\u2019obtenir benefici estan expressament prohibits, aix\u00ed com els\ncomentaris dissenyats per campanyes SEO_SEM i comentaris abusius.<\/p>\n\n\n\n<p>A trav\u00e9s de links situats\nen aquest lloc web, vost\u00e8 pot connectar amb altres webs que no estan sota el\ncontrol de im8hoursahead. No tenim cap control sobre la naturalesa, contingut o\ndisponibilitat d\u2019aquests webs. La inclusi\u00f3 de qualsevol link no implica\nnecess\u00e0riament recomanaci\u00f3 o l\u2019aprovaci\u00f3 de les opinions expressades en ells.<\/p>\n\n\n\n<h2 class=\"wp-block-heading\">Pol\u00edtica de Collaboracions<\/h2>\n\n\n\n<p>D\u2019acord amb les pr\u00e0ctiques de blocs \u00e8tics, tot el contingut i les ressenyes publicades a I&#8217;m 8 hours ahead s\u00f3n totalment honestos sobre l\u2019experi\u00e8ncia o l\u2019allotjament. Inclouen una notaci\u00f3 de patrocini al final de l&#8217;article.<\/p>\n\n\n\n<h2 class=\"wp-block-heading\"><strong>Pol\u00edtica de privacitat<\/strong><\/h2>\n\n\n\n<p>Aquesta pol\u00edtica de privadesa \u00e9s per\nwww.im8hoursahead.com i www.im8hoursahead.com\/cat i explica com s&#8217;utilitzen les\ndades personals en aquest lloc d&#8217;acord amb GDPR (Reglament General de Protecci\u00f3\nde Dades). En aquesta secci\u00f3 explicarem com recollim, emmagatzemem i, en\ngeneral, tractem les vostres dades personals.<\/p>\n\n\n\n<p>La informaci\u00f3 dels visitants d\u2019I\u2019m 8\nhours ahead es recopilar\u00e0 al comentar, subscriure&#8217;s a un butllet\u00ed informatiu,\nomplir un formulari o introduir informaci\u00f3 a la p\u00e0gina web. Per fer una de les\naccions anteriors, se us pot demanar que ompliu el vostre nom, cognom, correu\nelectr\u00f2nic o altres detalls. Aquests detalls es recopilen per millorar\nl&#8217;experi\u00e8ncia de l&#8217;usuari.<\/p>\n\n\n\n<h4 class=\"wp-block-heading\">Com recollim la vostra informaci\u00f3\npersonal?<\/h4>\n\n\n\n<p>Comentaris i formularis: quan els visitants\ndeixen comentaris o omplen formularis a la web, recollim les dades dels\nformularis i l&#8217;adre\u00e7a IP per passar-la per un sistema i detectar spam.<\/p>\n\n\n\n<p>Butlletins: quan l&#8217;usuari rep un\nbutllet\u00ed amb el qual interactua (responent a una pregunta, donant opini\u00f3 sobre\nun servei..) aquesta informaci\u00f3 ser\u00e0 guardada.<\/p>\n\n\n\n<h4 class=\"wp-block-heading\"><strong>Com utilitzem la vostra informaci\u00f3 personal?<\/strong><\/h4>\n\n\n\n<p>Podem utilitzar les vostres dades\npersonals de la manera seg\u00fcent:<\/p>\n\n\n\n<ul class=\"wp-block-list\"><li>Enviant correus electr\u00f2nics amb butlletins sobre el lloc web,\n     productes i serveis<\/li><li>Personalitzant l&#8217;experi\u00e8ncia de l&#8217;usuari per poder oferir el contingut\n     m\u00e9s atractiu i rellevant<\/li><li>Compartint-la amb tercers com Google Analytics i Mailchimp<\/li><\/ul>\n\n\n\n<p>Els correus electr\u00f2nics poden contenir\nenlla\u00e7os de seguiment, que registren l&#8217;activitat de l&#8217;abonat i proporcionen una\ns\u00e8rie de dades relatives al comprom\u00eds, la ubicaci\u00f3 i les dades demogr\u00e0fiques.\nAquestes dades mai es vendran a tercers i nom\u00e9s s&#8217;utilitzen per millorar l&#8217;experi\u00e8ncia\nglobal dels visitants del nostre lloc web. Sempre podeu donar-vos de baixa de\nles comunicacions fent clic a l&#8217;enlla\u00e7 que hi ha a la part inferior.<\/p>\n\n\n\n<p>La informaci\u00f3 que no es pot identificar\npersonalment es pot proporcionar a tercers amb finalitats de comercialitzaci\u00f3,\npublicitat o altres usos.<\/p>\n\n\n\n<h4 class=\"wp-block-heading\"><strong>Galetes<\/strong><\/h4>\n\n\n\n<p>Aquesta p\u00e0gina web utilitza galetes per\nmillorar la experi\u00e8ncia de l\u2019usuari. Les galetes s\u00f3n fitxers de text que es\nguarden al teu dispositiu per ajudar a donar-te un bon servei. S\u2019utilitzen per\nguardar prefer\u00e8ncies, guardar informaci\u00f3 i proveir data anal\u00edtica en forma\nan\u00f2nima a empreses de tercers com Google Analytics. Per norma general, les galetes\nfan la experi\u00e8ncia de l\u2019usuari millor. Pots decidir deshabilitar-les per\naquesta p\u00e0gina web i altres.<\/p>\n\n\n\n<p>Podrem guardar informaci\u00f3 utilitzant galetes,\nque s\u00f3n petits fitxers de data que es guarden al teu navegador. Podrem\nutilitzar galetes de sessi\u00f3, que caduquen quan tanques el navegador, i galetes\npersistents, que es queden al teu navegador fins que s&#8217;esborren, per donar-te\nun servei m\u00e9s personalitza&#8217;t dins la web. La manera m\u00e9s f\u00e0cil de fer-ho \u00e9s\ndeshabilitant les galetes del teu navegador d\u2019internet. Si us plau busqueu a\nles seccions d\u2019Ajuda o prefer\u00e8ncies del vostre navegador per m\u00e9s informaci\u00f3.<\/p>\n\n\n\n<p>Alguns articles de la web poden\nincloure contingut enganxat (per exemple v\u00eddeos, articles..). El contingut\nenganxat des d&#8217;altres p\u00e0gines web actuar\u00e0 de la mateixa manera que visitant les\np\u00e0gines en q\u00fcesti\u00f3. Aquestes webs podrien recollir informaci\u00f3 sobre tu,\nutilitzar galetes o monitoritzar la teva interacci\u00f3 amb el contingut.<\/p>\n\n\n\n<p>Podr\u00edem utilitzar serveis de propaganda\nde tercers en el nostre web i aquests podrien utilitzar galetes.<\/p>\n\n\n\n<p>La web participa en marketing d\u2019afiliaci\u00f3,\nque es fa amb links enganxats al contingut web. Si cliques a un link afiliat\nuna galeta es crear\u00e0 al teu navegador per tenir const\u00e0ncia d&#8217;una venda pel\nprop\u00f2sit de les comissions.<\/p>\n\n\n\n<h4 class=\"wp-block-heading\"><strong>Enlla\u00e7os afiliats<\/strong><\/h4>\n\n\n\n<p>Alguns dels enlla\u00e7os utilitzats al\nnostre lloc web s\u00f3n enlla\u00e7os d&#8217;afiliaci\u00f3 on recomanem allotjament, visites o\nproductes. Si un usuari fa un enc\u00e0rrec a trav\u00e9s d&#8217;aquests enlla\u00e7os, podem rebre\nuna petita comissi\u00f3 sense cap cost addicional per a ells.<\/p>\n\n\n\n<p>Im8hoursahead \u00e9s participant al\nprograma Amazon Affiliates, un programa de publicitat d&#8217;afiliaci\u00f3 que ofereix\nals llocs l&#8217;oportunitat de guanyar tarifes publicit\u00e0ries publicant-les i\nenlla\u00e7ant-les a amazon.com.<\/p>\n\n\n\n<p>Com accedir o modificar la teva\ninformaci\u00f3 personal<\/p>\n\n\n\n<p>Si tens un compte amb aquesta web, o\nhas deixat comentaris, pots demanar rebre un fitxer amb tota la informaci\u00f3\npersonal que tenim sobre tu, incloent qualsevol dada que ens hagis\nproporcionat. Pots demanar-nos que esborrem qualsevol dada personal que tinguem\nteva. Aix\u00f2 no inclou informaci\u00f3 que haguem de guardar per raons\nadministratives, legals o de seguretat.<\/p>\n\n\n\n<p>Pots accedir, canviar o esborrar tota la informaci\u00f3 que has donat a im8hoursahead demanant-ho a im8hoursaead [arroba] gmail [punt] com.<\/p>\n\n\n\n<p>\u00daltima edici\u00f3 del 13-07-2019<\/p>\n","protected":false},"excerpt":{"rendered":"<p>Exempci\u00f3 de responsabilitat www.im8hoursahead.com, aix\u00ed com&nbsp;www.im8hoursahead.com\/cat&nbsp;est\u00e0 totalment escrit, desenvolupat i mantingut per im8hoursahead. El contingut d\u2019aquest lloc web t\u00e9 com a objectiu transmetre informaci\u00f3. La informaci\u00f3 est\u00e0 redactada, editada i fotografiada per Im8hoursahead, excepte en aquells casos en que s\u2019indica especialment. Tot i que es procura mantenir la informaci\u00f3 actualitzada i correcta, no ens fem [&hellip;]<\/p>\n","protected":false},"author":8,"featured_media":0,"parent":0,"menu_order":0,"comment_status":"closed","ping_status":"closed","template":"","meta":{"_et_pb_use_builder":"","_et_pb_old_content":"","_et_gb_content_width":"","footnotes":""},"class_list":["post-84","page","type-page","status-publish","hentry"],"_links":{"self":[{"href":"https:\/\/im8hoursahead.com\/cat\/wp-json\/wp\/v2\/pages\/84","targetHints":{"allow":["GET"]}}],"collection":[{"href":"https:\/\/im8hoursahead.com\/cat\/wp-json\/wp\/v2\/pages"}],"about":[{"href":"https:\/\/im8hoursahead.com\/cat\/wp-json\/wp\/v2\/types\/page"}],"author":[{"embeddable":true,"href":"https:\/\/im8hoursahead.com\/cat\/wp-json\/wp\/v2\/users\/8"}],"replies":[{"embeddable":true,"href":"https:\/\/im8hoursahead.com\/cat\/wp-json\/wp\/v2\/comments?post=84"}],"version-history":[{"count":5,"href":"https:\/\/im8hoursahead.com\/cat\/wp-json\/wp\/v2\/pages\/84\/revisions"}],"predecessor-version":[{"id":3194,"href":"https:\/\/im8hoursahead.com\/cat\/wp-json\/wp\/v2\/pages\/84\/revisions\/3194"}],"wp:attachment":[{"href":"https:\/\/im8hoursahead.com\/cat\/wp-json\/wp\/v2\/media?parent=84"}],"curies":[{"name":"wp","href":"https:\/\/api.w.org\/{rel}","templated":true}]}}